{"id":729,"date":"2017-04-18T00:12:24","date_gmt":"2017-04-17T22:12:24","guid":{"rendered":"https:\/\/www.elrincondelosfamosos.com\/barbaricia\/?page_id=729"},"modified":"2021-02-13T18:02:22","modified_gmt":"2021-02-13T16:02:22","slug":"figuras-en-miniatura","status":"publish","type":"page","link":"https:\/\/www.elrincondelosfamosos.com\/barbaricia\/figuras-en-miniatura\/","title":{"rendered":"Figuras"},"content":{"rendered":"<ul>\n<li>\n<h2><a href=\"https:\/\/www.elrincondelosfamosos.com\/barbaricia\/figuras\/miniaturas-de-el-cid\/\">Miniaturas de El Cid<\/a><\/h2>\n<\/li>\n<li>\n<h2><a href=\"https:\/\/www.elrincondelosfamosos.com\/barbaricia\/figuras\/miniaturas-tropas-alemanas-montana\/\">Miniaturas de las tropas de monta\u00f1a alemanas<\/a><\/h2>\n<\/li>\n<li>\n<h2><a href=\"https:\/\/www.elrincondelosfamosos.com\/barbaricia\/figuras-en-miniatura\/personal-medico-retirando-soldados-heridos\/\">Personal medico retirando soldados heridos del frente<\/a><\/h2>\n<\/li>\n<li>\n<h2><a href=\"https:\/\/www.elrincondelosfamosos.com\/barbaricia\/figuras-en-miniatura\/soldados-del-ejercito-espanol-de-1920-a-1950\/\">Soldados del ej\u00e9rcito espa\u00f1ol de 1920 a 1950<\/a><\/h2>\n<\/li>\n<\/ul>\n","protected":false},"excerpt":{"rendered":"<p>Miniaturas de El Cid Miniaturas de las tropas de monta\u00f1a alemanas Personal medico retirando soldados heridos del frente Soldados del ej\u00e9rcito espa\u00f1ol de 1920 a 1950<\/p>\n","protected":false},"author":2,"featured_media":1032,"parent":0,"menu_order":0,"comment_status":"closed","ping_status":"closed","template":"","meta":{"_exactmetrics_skip_tracking":false,"_exactmetrics_sitenote_active":false,"_exactmetrics_sitenote_note":"","_exactmetrics_sitenote_category":0,"footnotes":""},"class_list":["post-729","page","type-page","status-publish","has-post-thumbnail","hentry"],"yoast_head":"<!-- This site is optimized with the Yoast SEO plugin v27.5 - https:\/\/yoast.com\/product\/yoast-seo-wordpress\/ -->\n<title>Figuras en miniatura - Figuras a escala - Barbaricia Maquetas<\/title>\n<meta name=\"description\" content=\"Soldaditos de plomo y otras figuras en miniatura. Colecciones tem\u00e1ticas y detalles de su pintura y ambientaci\u00f3n en un mundo en miniatura.\" \/>\n<meta name=\"robots\" content=\"index, follow, max-snippet:-1, max-image-preview:large, max-video-preview:-1\" \/>\n<link rel=\"canonical\" href=\"https:\/\/www.elrincondelosfamosos.com\/barbaricia\/figuras-en-miniatura\/\" \/>\n<meta property=\"og:locale\" content=\"es_ES\" \/>\n<meta property=\"og:type\" content=\"article\" \/>\n<meta property=\"og:title\" content=\"Figuras en miniatura\" \/>\n<meta property=\"og:description\" content=\"Soldaditos de plomo y otras figuras en miniatura.\" \/>\n<meta property=\"og:url\" content=\"https:\/\/www.elrincondelosfamosos.com\/barbaricia\/figuras-en-miniatura\/\" \/>\n<meta property=\"og:site_name\" content=\"Barbaricia Maquetas\" \/>\n<meta property=\"article:modified_time\" content=\"2021-02-13T16:02:22+00:00\" \/>\n<meta property=\"og:image\" content=\"https:\/\/www.elrincondelosfamosos.com\/barbaricia\/wp-content\/uploads\/2019\/03\/g12_montanaleman25.jpg\" \/>\n\t<meta property=\"og:image:width\" content=\"800\" \/>\n\t<meta property=\"og:image:height\" content=\"600\" \/>\n\t<meta property=\"og:image:type\" content=\"image\/jpeg\" \/>\n<meta name=\"twitter:card\" content=\"summary_large_image\" \/>\n<meta name=\"twitter:title\" content=\"Figuras en miniatura\" \/>\n<meta name=\"twitter:description\" content=\"Soldaditos de plomo y otras figuras en miniatura.\" \/>\n<meta name=\"twitter:image\" content=\"https:\/\/www.elrincondelosfamosos.com\/barbaricia\/wp-content\/uploads\/2019\/03\/g12_montanaleman25.jpg\" \/>\n<meta name=\"twitter:label1\" content=\"Tiempo de lectura\" \/>\n\t<meta name=\"twitter:data1\" content=\"1 minuto\" \/>\n<script type=\"application\/ld+json\" class=\"yoast-schema-graph\">{\"@context\":\"https:\\\/\\\/schema.org\",\"@graph\":[{\"@type\":\"WebPage\",\"@id\":\"https:\\\/\\\/www.elrincondelosfamosos.com\\\/barbaricia\\\/figuras-en-miniatura\\\/\",\"url\":\"https:\\\/\\\/www.elrincondelosfamosos.com\\\/barbaricia\\\/figuras-en-miniatura\\\/\",\"name\":\"Figuras en miniatura - Figuras a escala - Barbaricia Maquetas\",\"isPartOf\":{\"@id\":\"https:\\\/\\\/www.elrincondelosfamosos.com\\\/barbaricia\\\/#website\"},\"primaryImageOfPage\":{\"@id\":\"https:\\\/\\\/www.elrincondelosfamosos.com\\\/barbaricia\\\/figuras-en-miniatura\\\/#primaryimage\"},\"image\":{\"@id\":\"https:\\\/\\\/www.elrincondelosfamosos.com\\\/barbaricia\\\/figuras-en-miniatura\\\/#primaryimage\"},\"thumbnailUrl\":\"https:\\\/\\\/www.elrincondelosfamosos.com\\\/barbaricia\\\/wp-content\\\/uploads\\\/2019\\\/03\\\/g12_montanaleman25.jpg\",\"datePublished\":\"2017-04-17T22:12:24+00:00\",\"dateModified\":\"2021-02-13T16:02:22+00:00\",\"description\":\"Soldaditos de plomo y otras figuras en miniatura. Colecciones tem\u00e1ticas y detalles de su pintura y ambientaci\u00f3n en un mundo en miniatura.\",\"breadcrumb\":{\"@id\":\"https:\\\/\\\/www.elrincondelosfamosos.com\\\/barbaricia\\\/figuras-en-miniatura\\\/#breadcrumb\"},\"inLanguage\":\"es\",\"potentialAction\":[{\"@type\":\"ReadAction\",\"target\":[\"https:\\\/\\\/www.elrincondelosfamosos.com\\\/barbaricia\\\/figuras-en-miniatura\\\/\"]}]},{\"@type\":\"ImageObject\",\"inLanguage\":\"es\",\"@id\":\"https:\\\/\\\/www.elrincondelosfamosos.com\\\/barbaricia\\\/figuras-en-miniatura\\\/#primaryimage\",\"url\":\"https:\\\/\\\/www.elrincondelosfamosos.com\\\/barbaricia\\\/wp-content\\\/uploads\\\/2019\\\/03\\\/g12_montanaleman25.jpg\",\"contentUrl\":\"https:\\\/\\\/www.elrincondelosfamosos.com\\\/barbaricia\\\/wp-content\\\/uploads\\\/2019\\\/03\\\/g12_montanaleman25.jpg\",\"width\":800,\"height\":600,\"caption\":\"Miniatura de soldado esquiador\"},{\"@type\":\"BreadcrumbList\",\"@id\":\"https:\\\/\\\/www.elrincondelosfamosos.com\\\/barbaricia\\\/figuras-en-miniatura\\\/#breadcrumb\",\"itemListElement\":[{\"@type\":\"ListItem\",\"position\":1,\"name\":\"Inicio\",\"item\":\"https:\\\/\\\/www.elrincondelosfamosos.com\\\/barbaricia\\\/\"},{\"@type\":\"ListItem\",\"position\":2,\"name\":\"Figuras\"}]},{\"@type\":\"WebSite\",\"@id\":\"https:\\\/\\\/www.elrincondelosfamosos.com\\\/barbaricia\\\/#website\",\"url\":\"https:\\\/\\\/www.elrincondelosfamosos.com\\\/barbaricia\\\/\",\"name\":\"Barbaricia Maquetas\",\"description\":\"Maquetas y miniaturas realizadas por Antonio Lasala Gracia\",\"potentialAction\":[{\"@type\":\"SearchAction\",\"target\":{\"@type\":\"EntryPoint\",\"urlTemplate\":\"https:\\\/\\\/www.elrincondelosfamosos.com\\\/barbaricia\\\/?s={search_term_string}\"},\"query-input\":{\"@type\":\"PropertyValueSpecification\",\"valueRequired\":true,\"valueName\":\"search_term_string\"}}],\"inLanguage\":\"es\"}]}<\/script>\n<!-- \/ Yoast SEO plugin. -->","yoast_head_json":{"title":"Figuras en miniatura - Figuras a escala - Barbaricia Maquetas","description":"Soldaditos de plomo y otras figuras en miniatura. Colecciones tem\u00e1ticas y detalles de su pintura y ambientaci\u00f3n en un mundo en miniatura.","robots":{"index":"index","follow":"follow","max-snippet":"max-snippet:-1","max-image-preview":"max-image-preview:large","max-video-preview":"max-video-preview:-1"},"canonical":"https:\/\/www.elrincondelosfamosos.com\/barbaricia\/figuras-en-miniatura\/","og_locale":"es_ES","og_type":"article","og_title":"Figuras en miniatura","og_description":"Soldaditos de plomo y otras figuras en miniatura.","og_url":"https:\/\/www.elrincondelosfamosos.com\/barbaricia\/figuras-en-miniatura\/","og_site_name":"Barbaricia Maquetas","article_modified_time":"2021-02-13T16:02:22+00:00","og_image":[{"width":800,"height":600,"url":"https:\/\/www.elrincondelosfamosos.com\/barbaricia\/wp-content\/uploads\/2019\/03\/g12_montanaleman25.jpg","type":"image\/jpeg"}],"twitter_card":"summary_large_image","twitter_title":"Figuras en miniatura","twitter_description":"Soldaditos de plomo y otras figuras en miniatura.","twitter_image":"https:\/\/www.elrincondelosfamosos.com\/barbaricia\/wp-content\/uploads\/2019\/03\/g12_montanaleman25.jpg","twitter_misc":{"Tiempo de lectura":"1 minuto"},"schema":{"@context":"https:\/\/schema.org","@graph":[{"@type":"WebPage","@id":"https:\/\/www.elrincondelosfamosos.com\/barbaricia\/figuras-en-miniatura\/","url":"https:\/\/www.elrincondelosfamosos.com\/barbaricia\/figuras-en-miniatura\/","name":"Figuras en miniatura - Figuras a escala - Barbaricia Maquetas","isPartOf":{"@id":"https:\/\/www.elrincondelosfamosos.com\/barbaricia\/#website"},"primaryImageOfPage":{"@id":"https:\/\/www.elrincondelosfamosos.com\/barbaricia\/figuras-en-miniatura\/#primaryimage"},"image":{"@id":"https:\/\/www.elrincondelosfamosos.com\/barbaricia\/figuras-en-miniatura\/#primaryimage"},"thumbnailUrl":"https:\/\/www.elrincondelosfamosos.com\/barbaricia\/wp-content\/uploads\/2019\/03\/g12_montanaleman25.jpg","datePublished":"2017-04-17T22:12:24+00:00","dateModified":"2021-02-13T16:02:22+00:00","description":"Soldaditos de plomo y otras figuras en miniatura. Colecciones tem\u00e1ticas y detalles de su pintura y ambientaci\u00f3n en un mundo en miniatura.","breadcrumb":{"@id":"https:\/\/www.elrincondelosfamosos.com\/barbaricia\/figuras-en-miniatura\/#breadcrumb"},"inLanguage":"es","potentialAction":[{"@type":"ReadAction","target":["https:\/\/www.elrincondelosfamosos.com\/barbaricia\/figuras-en-miniatura\/"]}]},{"@type":"ImageObject","inLanguage":"es","@id":"https:\/\/www.elrincondelosfamosos.com\/barbaricia\/figuras-en-miniatura\/#primaryimage","url":"https:\/\/www.elrincondelosfamosos.com\/barbaricia\/wp-content\/uploads\/2019\/03\/g12_montanaleman25.jpg","contentUrl":"https:\/\/www.elrincondelosfamosos.com\/barbaricia\/wp-content\/uploads\/2019\/03\/g12_montanaleman25.jpg","width":800,"height":600,"caption":"Miniatura de soldado esquiador"},{"@type":"BreadcrumbList","@id":"https:\/\/www.elrincondelosfamosos.com\/barbaricia\/figuras-en-miniatura\/#breadcrumb","itemListElement":[{"@type":"ListItem","position":1,"name":"Inicio","item":"https:\/\/www.elrincondelosfamosos.com\/barbaricia\/"},{"@type":"ListItem","position":2,"name":"Figuras"}]},{"@type":"WebSite","@id":"https:\/\/www.elrincondelosfamosos.com\/barbaricia\/#website","url":"https:\/\/www.elrincondelosfamosos.com\/barbaricia\/","name":"Barbaricia Maquetas","description":"Maquetas y miniaturas realizadas por Antonio Lasala Gracia","potentialAction":[{"@type":"SearchAction","target":{"@type":"EntryPoint","urlTemplate":"https:\/\/www.elrincondelosfamosos.com\/barbaricia\/?s={search_term_string}"},"query-input":{"@type":"PropertyValueSpecification","valueRequired":true,"valueName":"search_term_string"}}],"inLanguage":"es"}]}},"_links":{"self":[{"href":"https:\/\/www.elrincondelosfamosos.com\/barbaricia\/wp-json\/wp\/v2\/pages\/729","targetHints":{"allow":["GET"]}}],"collection":[{"href":"https:\/\/www.elrincondelosfamosos.com\/barbaricia\/wp-json\/wp\/v2\/pages"}],"about":[{"href":"https:\/\/www.elrincondelosfamosos.com\/barbaricia\/wp-json\/wp\/v2\/types\/page"}],"author":[{"embeddable":true,"href":"https:\/\/www.elrincondelosfamosos.com\/barbaricia\/wp-json\/wp\/v2\/users\/2"}],"replies":[{"embeddable":true,"href":"https:\/\/www.elrincondelosfamosos.com\/barbaricia\/wp-json\/wp\/v2\/comments?post=729"}],"version-history":[{"count":5,"href":"https:\/\/www.elrincondelosfamosos.com\/barbaricia\/wp-json\/wp\/v2\/pages\/729\/revisions"}],"predecessor-version":[{"id":3993,"href":"https:\/\/www.elrincondelosfamosos.com\/barbaricia\/wp-json\/wp\/v2\/pages\/729\/revisions\/3993"}],"wp:featuredmedia":[{"embeddable":true,"href":"https:\/\/www.elrincondelosfamosos.com\/barbaricia\/wp-json\/wp\/v2\/media\/1032"}],"wp:attachment":[{"href":"https:\/\/www.elrincondelosfamosos.com\/barbaricia\/wp-json\/wp\/v2\/media?parent=729"}],"curies":[{"name":"wp","href":"https:\/\/api.w.org\/{rel}","templated":true}]}}