{"id":727,"date":"2017-04-18T00:09:41","date_gmt":"2017-04-17T22:09:41","guid":{"rendered":"https:\/\/www.elrincondelosfamosos.com\/barbaricia\/?page_id=727"},"modified":"2022-12-13T20:26:41","modified_gmt":"2022-12-13T18:26:41","slug":"eventos-sobre-miniaturas-y-maniobras","status":"publish","type":"page","link":"https:\/\/www.elrincondelosfamosos.com\/barbaricia\/eventos-sobre-miniaturas-y-maniobras\/","title":{"rendered":"Eventos"},"content":{"rendered":"<ul>\n<li>\n<h2><a href=\"https:\/\/www.elrincondelosfamosos.com\/barbaricia\/eventos-sobre-miniaturas-y-maniobras\/dia-fuerzas-armadas-huesca-2022\/\">D\u00eda de las Fuerzas Armadas en Huesca<\/a><\/h2>\n<\/li>\n<li>\n<h2><a href=\"https:\/\/www.elrincondelosfamosos.com\/barbaricia\/eventos-sobre-miniaturas-y-maniobras\/belen-navidad-2020\/\">Bel\u00e9n de Barbaricia, Navidad 2020<\/a><\/h2>\n<\/li>\n<li>\n<h2><a href=\"https:\/\/www.elrincondelosfamosos.com\/barbaricia\/eventos-sobre-miniaturas-y-maniobras\/museo-de-miniaturas-wunderland\/\">Wunderland<\/a><\/h2>\n<\/li>\n<li>\n<h2><a href=\"https:\/\/www.elrincondelosfamosos.com\/barbaricia\/eventos\/maniobras-en-la-base-aerea-de-zaragoza\/\">Maniobras en la Base A\u00e9rea de Zaragoza<\/a><\/h2>\n<\/li>\n<\/ul>\n","protected":false},"excerpt":{"rendered":"<p>D\u00eda de las Fuerzas Armadas en Huesca Bel\u00e9n de Barbaricia, Navidad 2020 Wunderland Maniobras en la Base A\u00e9rea de Zaragoza<\/p>\n","protected":false},"author":2,"featured_media":468,"parent":0,"menu_order":0,"comment_status":"closed","ping_status":"closed","template":"","meta":{"_exactmetrics_skip_tracking":false,"_exactmetrics_sitenote_active":false,"_exactmetrics_sitenote_note":"","_exactmetrics_sitenote_category":0,"footnotes":""},"class_list":["post-727","page","type-page","status-publish","has-post-thumbnail","hentry"],"yoast_head":"<!-- This site is optimized with the Yoast SEO plugin v27.5 - https:\/\/yoast.com\/product\/yoast-seo-wordpress\/ -->\n<title>Eventos sobre miniaturas y maniobras - Barbaricia Maquetas<\/title>\n<meta name=\"description\" content=\"Agenda de eventos sobre miniaturas y maquetas. Maniobras militares y dem\u00e1s eventos relacionados con el ej\u00e9recito y las fuerzas de seguridad.\" \/>\n<meta name=\"robots\" content=\"index, follow, max-snippet:-1, max-image-preview:large, max-video-preview:-1\" \/>\n<link rel=\"canonical\" href=\"https:\/\/www.elrincondelosfamosos.com\/barbaricia\/eventos-sobre-miniaturas-y-maniobras\/\" \/>\n<meta property=\"og:locale\" content=\"es_ES\" \/>\n<meta property=\"og:type\" content=\"article\" \/>\n<meta property=\"og:title\" content=\"Eventos sobre miniaturas y maniobras\" \/>\n<meta property=\"og:description\" content=\"Miniaturas, maquetas y maniobras militares.\" \/>\n<meta property=\"og:url\" content=\"https:\/\/www.elrincondelosfamosos.com\/barbaricia\/eventos-sobre-miniaturas-y-maniobras\/\" \/>\n<meta property=\"og:site_name\" content=\"Barbaricia Maquetas\" \/>\n<meta property=\"article:modified_time\" content=\"2022-12-13T18:26:41+00:00\" \/>\n<meta property=\"og:image\" content=\"https:\/\/www.elrincondelosfamosos.com\/barbaricia\/wp-content\/uploads\/2015\/07\/g9_wunderland18.jpg\" \/>\n\t<meta property=\"og:image:width\" content=\"800\" \/>\n\t<meta property=\"og:image:height\" content=\"600\" \/>\n\t<meta property=\"og:image:type\" content=\"image\/jpeg\" \/>\n<meta name=\"twitter:card\" content=\"summary_large_image\" \/>\n<meta name=\"twitter:title\" content=\"Eventos sobre miniaturas y maniobras\" \/>\n<meta name=\"twitter:description\" content=\"Miniaturas, maquetas y maniobras militares.\" \/>\n<meta name=\"twitter:image\" content=\"https:\/\/www.elrincondelosfamosos.com\/barbaricia\/wp-content\/uploads\/2015\/07\/g9_wunderland18.jpg\" \/>\n<meta name=\"twitter:label1\" content=\"Tiempo de lectura\" \/>\n\t<meta name=\"twitter:data1\" content=\"1 minuto\" \/>\n<script type=\"application\/ld+json\" class=\"yoast-schema-graph\">{\"@context\":\"https:\\\/\\\/schema.org\",\"@graph\":[{\"@type\":\"WebPage\",\"@id\":\"https:\\\/\\\/www.elrincondelosfamosos.com\\\/barbaricia\\\/eventos-sobre-miniaturas-y-maniobras\\\/\",\"url\":\"https:\\\/\\\/www.elrincondelosfamosos.com\\\/barbaricia\\\/eventos-sobre-miniaturas-y-maniobras\\\/\",\"name\":\"Eventos sobre miniaturas y maniobras - Barbaricia Maquetas\",\"isPartOf\":{\"@id\":\"https:\\\/\\\/www.elrincondelosfamosos.com\\\/barbaricia\\\/#website\"},\"primaryImageOfPage\":{\"@id\":\"https:\\\/\\\/www.elrincondelosfamosos.com\\\/barbaricia\\\/eventos-sobre-miniaturas-y-maniobras\\\/#primaryimage\"},\"image\":{\"@id\":\"https:\\\/\\\/www.elrincondelosfamosos.com\\\/barbaricia\\\/eventos-sobre-miniaturas-y-maniobras\\\/#primaryimage\"},\"thumbnailUrl\":\"https:\\\/\\\/www.elrincondelosfamosos.com\\\/barbaricia\\\/wp-content\\\/uploads\\\/2015\\\/07\\\/g9_wunderland18.jpg\",\"datePublished\":\"2017-04-17T22:09:41+00:00\",\"dateModified\":\"2022-12-13T18:26:41+00:00\",\"description\":\"Agenda de eventos sobre miniaturas y maquetas. Maniobras militares y dem\u00e1s eventos relacionados con el ej\u00e9recito y las fuerzas de seguridad.\",\"breadcrumb\":{\"@id\":\"https:\\\/\\\/www.elrincondelosfamosos.com\\\/barbaricia\\\/eventos-sobre-miniaturas-y-maniobras\\\/#breadcrumb\"},\"inLanguage\":\"es\",\"potentialAction\":[{\"@type\":\"ReadAction\",\"target\":[\"https:\\\/\\\/www.elrincondelosfamosos.com\\\/barbaricia\\\/eventos-sobre-miniaturas-y-maniobras\\\/\"]}]},{\"@type\":\"ImageObject\",\"inLanguage\":\"es\",\"@id\":\"https:\\\/\\\/www.elrincondelosfamosos.com\\\/barbaricia\\\/eventos-sobre-miniaturas-y-maniobras\\\/#primaryimage\",\"url\":\"https:\\\/\\\/www.elrincondelosfamosos.com\\\/barbaricia\\\/wp-content\\\/uploads\\\/2015\\\/07\\\/g9_wunderland18.jpg\",\"contentUrl\":\"https:\\\/\\\/www.elrincondelosfamosos.com\\\/barbaricia\\\/wp-content\\\/uploads\\\/2015\\\/07\\\/g9_wunderland18.jpg\",\"width\":800,\"height\":600,\"caption\":\"Maqueta de t\u00faneles\"},{\"@type\":\"BreadcrumbList\",\"@id\":\"https:\\\/\\\/www.elrincondelosfamosos.com\\\/barbaricia\\\/eventos-sobre-miniaturas-y-maniobras\\\/#breadcrumb\",\"itemListElement\":[{\"@type\":\"ListItem\",\"position\":1,\"name\":\"Inicio\",\"item\":\"https:\\\/\\\/www.elrincondelosfamosos.com\\\/barbaricia\\\/\"},{\"@type\":\"ListItem\",\"position\":2,\"name\":\"Eventos\"}]},{\"@type\":\"WebSite\",\"@id\":\"https:\\\/\\\/www.elrincondelosfamosos.com\\\/barbaricia\\\/#website\",\"url\":\"https:\\\/\\\/www.elrincondelosfamosos.com\\\/barbaricia\\\/\",\"name\":\"Barbaricia Maquetas\",\"description\":\"Maquetas y miniaturas realizadas por Antonio Lasala Gracia\",\"potentialAction\":[{\"@type\":\"SearchAction\",\"target\":{\"@type\":\"EntryPoint\",\"urlTemplate\":\"https:\\\/\\\/www.elrincondelosfamosos.com\\\/barbaricia\\\/?s={search_term_string}\"},\"query-input\":{\"@type\":\"PropertyValueSpecification\",\"valueRequired\":true,\"valueName\":\"search_term_string\"}}],\"inLanguage\":\"es\"}]}<\/script>\n<!-- \/ Yoast SEO plugin. -->","yoast_head_json":{"title":"Eventos sobre miniaturas y maniobras - Barbaricia Maquetas","description":"Agenda de eventos sobre miniaturas y maquetas. Maniobras militares y dem\u00e1s eventos relacionados con el ej\u00e9recito y las fuerzas de seguridad.","robots":{"index":"index","follow":"follow","max-snippet":"max-snippet:-1","max-image-preview":"max-image-preview:large","max-video-preview":"max-video-preview:-1"},"canonical":"https:\/\/www.elrincondelosfamosos.com\/barbaricia\/eventos-sobre-miniaturas-y-maniobras\/","og_locale":"es_ES","og_type":"article","og_title":"Eventos sobre miniaturas y maniobras","og_description":"Miniaturas, maquetas y maniobras militares.","og_url":"https:\/\/www.elrincondelosfamosos.com\/barbaricia\/eventos-sobre-miniaturas-y-maniobras\/","og_site_name":"Barbaricia Maquetas","article_modified_time":"2022-12-13T18:26:41+00:00","og_image":[{"width":800,"height":600,"url":"https:\/\/www.elrincondelosfamosos.com\/barbaricia\/wp-content\/uploads\/2015\/07\/g9_wunderland18.jpg","type":"image\/jpeg"}],"twitter_card":"summary_large_image","twitter_title":"Eventos sobre miniaturas y maniobras","twitter_description":"Miniaturas, maquetas y maniobras militares.","twitter_image":"https:\/\/www.elrincondelosfamosos.com\/barbaricia\/wp-content\/uploads\/2015\/07\/g9_wunderland18.jpg","twitter_misc":{"Tiempo de lectura":"1 minuto"},"schema":{"@context":"https:\/\/schema.org","@graph":[{"@type":"WebPage","@id":"https:\/\/www.elrincondelosfamosos.com\/barbaricia\/eventos-sobre-miniaturas-y-maniobras\/","url":"https:\/\/www.elrincondelosfamosos.com\/barbaricia\/eventos-sobre-miniaturas-y-maniobras\/","name":"Eventos sobre miniaturas y maniobras - Barbaricia Maquetas","isPartOf":{"@id":"https:\/\/www.elrincondelosfamosos.com\/barbaricia\/#website"},"primaryImageOfPage":{"@id":"https:\/\/www.elrincondelosfamosos.com\/barbaricia\/eventos-sobre-miniaturas-y-maniobras\/#primaryimage"},"image":{"@id":"https:\/\/www.elrincondelosfamosos.com\/barbaricia\/eventos-sobre-miniaturas-y-maniobras\/#primaryimage"},"thumbnailUrl":"https:\/\/www.elrincondelosfamosos.com\/barbaricia\/wp-content\/uploads\/2015\/07\/g9_wunderland18.jpg","datePublished":"2017-04-17T22:09:41+00:00","dateModified":"2022-12-13T18:26:41+00:00","description":"Agenda de eventos sobre miniaturas y maquetas. Maniobras militares y dem\u00e1s eventos relacionados con el ej\u00e9recito y las fuerzas de seguridad.","breadcrumb":{"@id":"https:\/\/www.elrincondelosfamosos.com\/barbaricia\/eventos-sobre-miniaturas-y-maniobras\/#breadcrumb"},"inLanguage":"es","potentialAction":[{"@type":"ReadAction","target":["https:\/\/www.elrincondelosfamosos.com\/barbaricia\/eventos-sobre-miniaturas-y-maniobras\/"]}]},{"@type":"ImageObject","inLanguage":"es","@id":"https:\/\/www.elrincondelosfamosos.com\/barbaricia\/eventos-sobre-miniaturas-y-maniobras\/#primaryimage","url":"https:\/\/www.elrincondelosfamosos.com\/barbaricia\/wp-content\/uploads\/2015\/07\/g9_wunderland18.jpg","contentUrl":"https:\/\/www.elrincondelosfamosos.com\/barbaricia\/wp-content\/uploads\/2015\/07\/g9_wunderland18.jpg","width":800,"height":600,"caption":"Maqueta de t\u00faneles"},{"@type":"BreadcrumbList","@id":"https:\/\/www.elrincondelosfamosos.com\/barbaricia\/eventos-sobre-miniaturas-y-maniobras\/#breadcrumb","itemListElement":[{"@type":"ListItem","position":1,"name":"Inicio","item":"https:\/\/www.elrincondelosfamosos.com\/barbaricia\/"},{"@type":"ListItem","position":2,"name":"Eventos"}]},{"@type":"WebSite","@id":"https:\/\/www.elrincondelosfamosos.com\/barbaricia\/#website","url":"https:\/\/www.elrincondelosfamosos.com\/barbaricia\/","name":"Barbaricia Maquetas","description":"Maquetas y miniaturas realizadas por Antonio Lasala Gracia","potentialAction":[{"@type":"SearchAction","target":{"@type":"EntryPoint","urlTemplate":"https:\/\/www.elrincondelosfamosos.com\/barbaricia\/?s={search_term_string}"},"query-input":{"@type":"PropertyValueSpecification","valueRequired":true,"valueName":"search_term_string"}}],"inLanguage":"es"}]}},"_links":{"self":[{"href":"https:\/\/www.elrincondelosfamosos.com\/barbaricia\/wp-json\/wp\/v2\/pages\/727","targetHints":{"allow":["GET"]}}],"collection":[{"href":"https:\/\/www.elrincondelosfamosos.com\/barbaricia\/wp-json\/wp\/v2\/pages"}],"about":[{"href":"https:\/\/www.elrincondelosfamosos.com\/barbaricia\/wp-json\/wp\/v2\/types\/page"}],"author":[{"embeddable":true,"href":"https:\/\/www.elrincondelosfamosos.com\/barbaricia\/wp-json\/wp\/v2\/users\/2"}],"replies":[{"embeddable":true,"href":"https:\/\/www.elrincondelosfamosos.com\/barbaricia\/wp-json\/wp\/v2\/comments?post=727"}],"version-history":[{"count":6,"href":"https:\/\/www.elrincondelosfamosos.com\/barbaricia\/wp-json\/wp\/v2\/pages\/727\/revisions"}],"predecessor-version":[{"id":6987,"href":"https:\/\/www.elrincondelosfamosos.com\/barbaricia\/wp-json\/wp\/v2\/pages\/727\/revisions\/6987"}],"wp:featuredmedia":[{"embeddable":true,"href":"https:\/\/www.elrincondelosfamosos.com\/barbaricia\/wp-json\/wp\/v2\/media\/468"}],"wp:attachment":[{"href":"https:\/\/www.elrincondelosfamosos.com\/barbaricia\/wp-json\/wp\/v2\/media?parent=727"}],"curies":[{"name":"wp","href":"https:\/\/api.w.org\/{rel}","templated":true}]}}