{"id":725,"date":"2017-04-18T00:06:02","date_gmt":"2017-04-17T22:06:02","guid":{"rendered":"https:\/\/www.elrincondelosfamosos.com\/barbaricia\/?page_id=725"},"modified":"2021-04-08T13:26:34","modified_gmt":"2021-04-08T11:26:34","slug":"dioramas-y-maquetas","status":"publish","type":"page","link":"https:\/\/www.elrincondelosfamosos.com\/barbaricia\/dioramas-y-maquetas\/","title":{"rendered":"Dioramas"},"content":{"rendered":"<ul>\n<li>\n<h2><a href=\"https:\/\/www.elrincondelosfamosos.com\/barbaricia\/dioramas-y-maquetas\/entrega-de-despacho-de-guardia-civil\/\">Entrega de Despacho de Guardia Civil<\/a><\/h2>\n<\/li>\n<li>\n<h2><a href=\"https:\/\/www.elrincondelosfamosos.com\/barbaricia\/dioramas\/la-legion-sahara-1975\/\">La Legi\u00f3n Sahara 1975<\/a><\/h2>\n<\/li>\n<li>\n<h2><a href=\"https:\/\/www.elrincondelosfamosos.com\/barbaricia\/dioramas-y-maquetas\/batalla-de-krasny-bor\/\">Abnegados, generosos, valientes espa\u00f1oles<\/a><\/h2>\n<\/li>\n<li>\n<h2><a href=\"https:\/\/www.elrincondelosfamosos.com\/barbaricia\/dioramas-y-maquetas\/control-de-la-guardia-civil-de-trafico\/\">Control de la Guardia Civil de Tr\u00e1fico<\/a><\/h2>\n<\/li>\n<\/ul>\n","protected":false},"excerpt":{"rendered":"<p>Entrega de Despacho de Guardia Civil La Legi\u00f3n Sahara 1975 Abnegados, generosos, valientes espa\u00f1oles Control de la Guardia Civil de Tr\u00e1fico<\/p>\n","protected":false},"author":2,"featured_media":364,"parent":0,"menu_order":0,"comment_status":"closed","ping_status":"closed","template":"","meta":{"_exactmetrics_skip_tracking":false,"_exactmetrics_sitenote_active":false,"_exactmetrics_sitenote_note":"","_exactmetrics_sitenote_category":0,"footnotes":""},"class_list":["post-725","page","type-page","status-publish","has-post-thumbnail","hentry"],"yoast_head":"<!-- This site is optimized with the Yoast SEO plugin v27.5 - https:\/\/yoast.com\/product\/yoast-seo-wordpress\/ -->\n<title>Dioramas - Barbaricia Maquetas<\/title>\n<meta name=\"description\" content=\"Dioramas y maquetas ambientadas en escenas militares y en las fuerzas de seguridad y orden p\u00fablico. Realizadas por Tolagra.\" \/>\n<meta name=\"robots\" content=\"index, follow, max-snippet:-1, max-image-preview:large, max-video-preview:-1\" \/>\n<link rel=\"canonical\" href=\"https:\/\/www.elrincondelosfamosos.com\/barbaricia\/dioramas-y-maquetas\/\" \/>\n<meta property=\"og:locale\" content=\"es_ES\" \/>\n<meta property=\"og:type\" content=\"article\" \/>\n<meta property=\"og:title\" content=\"Dioramas y maquetas\" \/>\n<meta property=\"og:description\" content=\"Ambientadas en escenas militares y en las fuerzas de seguridad y orden p\u00fablico.\" \/>\n<meta property=\"og:url\" content=\"https:\/\/www.elrincondelosfamosos.com\/barbaricia\/dioramas-y-maquetas\/\" \/>\n<meta property=\"og:site_name\" content=\"Barbaricia Maquetas\" \/>\n<meta property=\"article:modified_time\" content=\"2021-04-08T11:26:34+00:00\" \/>\n<meta property=\"og:image\" content=\"https:\/\/www.elrincondelosfamosos.com\/barbaricia\/wp-content\/uploads\/2015\/07\/g4_nieve01.jpg\" \/>\n\t<meta property=\"og:image:width\" content=\"800\" \/>\n\t<meta property=\"og:image:height\" content=\"450\" \/>\n\t<meta property=\"og:image:type\" content=\"image\/jpeg\" \/>\n<meta name=\"twitter:card\" content=\"summary_large_image\" \/>\n<meta name=\"twitter:title\" content=\"Dioramas y maquetas\" \/>\n<meta name=\"twitter:description\" content=\"Ambientadas en escenas militares y en las fuerzas de seguridad y orden p\u00fablico.\" \/>\n<meta name=\"twitter:image\" content=\"https:\/\/www.elrincondelosfamosos.com\/barbaricia\/wp-content\/uploads\/2015\/07\/g4_nieve01.jpg\" \/>\n<meta name=\"twitter:label1\" content=\"Tiempo de lectura\" \/>\n\t<meta name=\"twitter:data1\" content=\"1 minuto\" \/>\n<script type=\"application\/ld+json\" class=\"yoast-schema-graph\">{\"@context\":\"https:\\\/\\\/schema.org\",\"@graph\":[{\"@type\":\"WebPage\",\"@id\":\"https:\\\/\\\/www.elrincondelosfamosos.com\\\/barbaricia\\\/dioramas-y-maquetas\\\/\",\"url\":\"https:\\\/\\\/www.elrincondelosfamosos.com\\\/barbaricia\\\/dioramas-y-maquetas\\\/\",\"name\":\"Dioramas - Barbaricia Maquetas\",\"isPartOf\":{\"@id\":\"https:\\\/\\\/www.elrincondelosfamosos.com\\\/barbaricia\\\/#website\"},\"primaryImageOfPage\":{\"@id\":\"https:\\\/\\\/www.elrincondelosfamosos.com\\\/barbaricia\\\/dioramas-y-maquetas\\\/#primaryimage\"},\"image\":{\"@id\":\"https:\\\/\\\/www.elrincondelosfamosos.com\\\/barbaricia\\\/dioramas-y-maquetas\\\/#primaryimage\"},\"thumbnailUrl\":\"https:\\\/\\\/www.elrincondelosfamosos.com\\\/barbaricia\\\/wp-content\\\/uploads\\\/2015\\\/07\\\/g4_nieve01.jpg\",\"datePublished\":\"2017-04-17T22:06:02+00:00\",\"dateModified\":\"2021-04-08T11:26:34+00:00\",\"description\":\"Dioramas y maquetas ambientadas en escenas militares y en las fuerzas de seguridad y orden p\u00fablico. Realizadas por Tolagra.\",\"breadcrumb\":{\"@id\":\"https:\\\/\\\/www.elrincondelosfamosos.com\\\/barbaricia\\\/dioramas-y-maquetas\\\/#breadcrumb\"},\"inLanguage\":\"es\",\"potentialAction\":[{\"@type\":\"ReadAction\",\"target\":[\"https:\\\/\\\/www.elrincondelosfamosos.com\\\/barbaricia\\\/dioramas-y-maquetas\\\/\"]}]},{\"@type\":\"ImageObject\",\"inLanguage\":\"es\",\"@id\":\"https:\\\/\\\/www.elrincondelosfamosos.com\\\/barbaricia\\\/dioramas-y-maquetas\\\/#primaryimage\",\"url\":\"https:\\\/\\\/www.elrincondelosfamosos.com\\\/barbaricia\\\/wp-content\\\/uploads\\\/2015\\\/07\\\/g4_nieve01.jpg\",\"contentUrl\":\"https:\\\/\\\/www.elrincondelosfamosos.com\\\/barbaricia\\\/wp-content\\\/uploads\\\/2015\\\/07\\\/g4_nieve01.jpg\",\"width\":800,\"height\":450,\"caption\":\"Diorama Abnegados, generosos, valientes espa\u00f1oles\"},{\"@type\":\"BreadcrumbList\",\"@id\":\"https:\\\/\\\/www.elrincondelosfamosos.com\\\/barbaricia\\\/dioramas-y-maquetas\\\/#breadcrumb\",\"itemListElement\":[{\"@type\":\"ListItem\",\"position\":1,\"name\":\"Inicio\",\"item\":\"https:\\\/\\\/www.elrincondelosfamosos.com\\\/barbaricia\\\/\"},{\"@type\":\"ListItem\",\"position\":2,\"name\":\"Dioramas\"}]},{\"@type\":\"WebSite\",\"@id\":\"https:\\\/\\\/www.elrincondelosfamosos.com\\\/barbaricia\\\/#website\",\"url\":\"https:\\\/\\\/www.elrincondelosfamosos.com\\\/barbaricia\\\/\",\"name\":\"Barbaricia Maquetas\",\"description\":\"Maquetas y miniaturas realizadas por Antonio Lasala Gracia\",\"potentialAction\":[{\"@type\":\"SearchAction\",\"target\":{\"@type\":\"EntryPoint\",\"urlTemplate\":\"https:\\\/\\\/www.elrincondelosfamosos.com\\\/barbaricia\\\/?s={search_term_string}\"},\"query-input\":{\"@type\":\"PropertyValueSpecification\",\"valueRequired\":true,\"valueName\":\"search_term_string\"}}],\"inLanguage\":\"es\"}]}<\/script>\n<!-- \/ Yoast SEO plugin. -->","yoast_head_json":{"title":"Dioramas - Barbaricia Maquetas","description":"Dioramas y maquetas ambientadas en escenas militares y en las fuerzas de seguridad y orden p\u00fablico. Realizadas por Tolagra.","robots":{"index":"index","follow":"follow","max-snippet":"max-snippet:-1","max-image-preview":"max-image-preview:large","max-video-preview":"max-video-preview:-1"},"canonical":"https:\/\/www.elrincondelosfamosos.com\/barbaricia\/dioramas-y-maquetas\/","og_locale":"es_ES","og_type":"article","og_title":"Dioramas y maquetas","og_description":"Ambientadas en escenas militares y en las fuerzas de seguridad y orden p\u00fablico.","og_url":"https:\/\/www.elrincondelosfamosos.com\/barbaricia\/dioramas-y-maquetas\/","og_site_name":"Barbaricia Maquetas","article_modified_time":"2021-04-08T11:26:34+00:00","og_image":[{"width":800,"height":450,"url":"https:\/\/www.elrincondelosfamosos.com\/barbaricia\/wp-content\/uploads\/2015\/07\/g4_nieve01.jpg","type":"image\/jpeg"}],"twitter_card":"summary_large_image","twitter_title":"Dioramas y maquetas","twitter_description":"Ambientadas en escenas militares y en las fuerzas de seguridad y orden p\u00fablico.","twitter_image":"https:\/\/www.elrincondelosfamosos.com\/barbaricia\/wp-content\/uploads\/2015\/07\/g4_nieve01.jpg","twitter_misc":{"Tiempo de lectura":"1 minuto"},"schema":{"@context":"https:\/\/schema.org","@graph":[{"@type":"WebPage","@id":"https:\/\/www.elrincondelosfamosos.com\/barbaricia\/dioramas-y-maquetas\/","url":"https:\/\/www.elrincondelosfamosos.com\/barbaricia\/dioramas-y-maquetas\/","name":"Dioramas - Barbaricia Maquetas","isPartOf":{"@id":"https:\/\/www.elrincondelosfamosos.com\/barbaricia\/#website"},"primaryImageOfPage":{"@id":"https:\/\/www.elrincondelosfamosos.com\/barbaricia\/dioramas-y-maquetas\/#primaryimage"},"image":{"@id":"https:\/\/www.elrincondelosfamosos.com\/barbaricia\/dioramas-y-maquetas\/#primaryimage"},"thumbnailUrl":"https:\/\/www.elrincondelosfamosos.com\/barbaricia\/wp-content\/uploads\/2015\/07\/g4_nieve01.jpg","datePublished":"2017-04-17T22:06:02+00:00","dateModified":"2021-04-08T11:26:34+00:00","description":"Dioramas y maquetas ambientadas en escenas militares y en las fuerzas de seguridad y orden p\u00fablico. Realizadas por Tolagra.","breadcrumb":{"@id":"https:\/\/www.elrincondelosfamosos.com\/barbaricia\/dioramas-y-maquetas\/#breadcrumb"},"inLanguage":"es","potentialAction":[{"@type":"ReadAction","target":["https:\/\/www.elrincondelosfamosos.com\/barbaricia\/dioramas-y-maquetas\/"]}]},{"@type":"ImageObject","inLanguage":"es","@id":"https:\/\/www.elrincondelosfamosos.com\/barbaricia\/dioramas-y-maquetas\/#primaryimage","url":"https:\/\/www.elrincondelosfamosos.com\/barbaricia\/wp-content\/uploads\/2015\/07\/g4_nieve01.jpg","contentUrl":"https:\/\/www.elrincondelosfamosos.com\/barbaricia\/wp-content\/uploads\/2015\/07\/g4_nieve01.jpg","width":800,"height":450,"caption":"Diorama Abnegados, generosos, valientes espa\u00f1oles"},{"@type":"BreadcrumbList","@id":"https:\/\/www.elrincondelosfamosos.com\/barbaricia\/dioramas-y-maquetas\/#breadcrumb","itemListElement":[{"@type":"ListItem","position":1,"name":"Inicio","item":"https:\/\/www.elrincondelosfamosos.com\/barbaricia\/"},{"@type":"ListItem","position":2,"name":"Dioramas"}]},{"@type":"WebSite","@id":"https:\/\/www.elrincondelosfamosos.com\/barbaricia\/#website","url":"https:\/\/www.elrincondelosfamosos.com\/barbaricia\/","name":"Barbaricia Maquetas","description":"Maquetas y miniaturas realizadas por Antonio Lasala Gracia","potentialAction":[{"@type":"SearchAction","target":{"@type":"EntryPoint","urlTemplate":"https:\/\/www.elrincondelosfamosos.com\/barbaricia\/?s={search_term_string}"},"query-input":{"@type":"PropertyValueSpecification","valueRequired":true,"valueName":"search_term_string"}}],"inLanguage":"es"}]}},"_links":{"self":[{"href":"https:\/\/www.elrincondelosfamosos.com\/barbaricia\/wp-json\/wp\/v2\/pages\/725","targetHints":{"allow":["GET"]}}],"collection":[{"href":"https:\/\/www.elrincondelosfamosos.com\/barbaricia\/wp-json\/wp\/v2\/pages"}],"about":[{"href":"https:\/\/www.elrincondelosfamosos.com\/barbaricia\/wp-json\/wp\/v2\/types\/page"}],"author":[{"embeddable":true,"href":"https:\/\/www.elrincondelosfamosos.com\/barbaricia\/wp-json\/wp\/v2\/users\/2"}],"replies":[{"embeddable":true,"href":"https:\/\/www.elrincondelosfamosos.com\/barbaricia\/wp-json\/wp\/v2\/comments?post=725"}],"version-history":[{"count":6,"href":"https:\/\/www.elrincondelosfamosos.com\/barbaricia\/wp-json\/wp\/v2\/pages\/725\/revisions"}],"predecessor-version":[{"id":4074,"href":"https:\/\/www.elrincondelosfamosos.com\/barbaricia\/wp-json\/wp\/v2\/pages\/725\/revisions\/4074"}],"wp:featuredmedia":[{"embeddable":true,"href":"https:\/\/www.elrincondelosfamosos.com\/barbaricia\/wp-json\/wp\/v2\/media\/364"}],"wp:attachment":[{"href":"https:\/\/www.elrincondelosfamosos.com\/barbaricia\/wp-json\/wp\/v2\/media?parent=725"}],"curies":[{"name":"wp","href":"https:\/\/api.w.org\/{rel}","templated":true}]}}