{"id":2711,"date":"2020-01-22T20:35:58","date_gmt":"2020-01-22T18:35:58","guid":{"rendered":"https:\/\/www.elrincondelosfamosos.com\/barbaricia\/?page_id=2711"},"modified":"2020-02-25T17:56:21","modified_gmt":"2020-02-25T15:56:21","slug":"fuerza-aerea","status":"publish","type":"page","link":"https:\/\/www.elrincondelosfamosos.com\/barbaricia\/fuerza-aerea\/","title":{"rendered":"Fuerza a\u00e9rea"},"content":{"rendered":"<ul>\n<li>\n<h2><a href=\"https:\/\/www.elrincondelosfamosos.com\/barbaricia\/vehiculos\/avion-bf-109\/\">Bf 109<\/a><\/h2>\n<\/li>\n<li>\n<h2><a href=\"https:\/\/www.elrincondelosfamosos.com\/barbaricia\/fuerza-aerea\/junkers-ju-52\/\">Junkers Ju 52<\/a><\/h2>\n<\/li>\n<\/ul>\n","protected":false},"excerpt":{"rendered":"<p>Bf 109 Junkers Ju 52<\/p>\n","protected":false},"author":2,"featured_media":2699,"parent":0,"menu_order":8,"comment_status":"closed","ping_status":"closed","template":"","meta":{"_exactmetrics_skip_tracking":false,"_exactmetrics_sitenote_active":false,"_exactmetrics_sitenote_note":"","_exactmetrics_sitenote_category":0,"footnotes":""},"class_list":["post-2711","page","type-page","status-publish","has-post-thumbnail","hentry"],"yoast_head":"<!-- This site is optimized with the Yoast SEO plugin v27.5 - https:\/\/yoast.com\/product\/yoast-seo-wordpress\/ -->\n<title>Fuerza a\u00e9rea - Aviones en miniatura - Barbaricia Maquetas<\/title>\n<meta name=\"description\" content=\"Maquetas y miniaturas de fuerzas a\u00e9reas realizadas por Tolagra. Aviones y tripulaci\u00f3n militar a escala. Modelos Bf 109, Junkers 52...\" \/>\n<meta name=\"robots\" content=\"index, follow, max-snippet:-1, max-image-preview:large, max-video-preview:-1\" \/>\n<link rel=\"canonical\" href=\"https:\/\/www.elrincondelosfamosos.com\/barbaricia\/fuerza-aerea\/\" \/>\n<meta property=\"og:locale\" content=\"es_ES\" \/>\n<meta property=\"og:type\" content=\"article\" \/>\n<meta property=\"og:title\" content=\"Maquetas y miniaturas de aviones\" \/>\n<meta property=\"og:description\" content=\"Maquetas y miniaturas de aviones realizadas por Tolagra. Modelos a escala.\" \/>\n<meta property=\"og:url\" content=\"https:\/\/www.elrincondelosfamosos.com\/barbaricia\/fuerza-aerea\/\" \/>\n<meta property=\"og:site_name\" content=\"Barbaricia Maquetas\" \/>\n<meta property=\"article:modified_time\" content=\"2020-02-25T15:56:21+00:00\" \/>\n<meta property=\"og:image\" content=\"https:\/\/www.elrincondelosfamosos.com\/barbaricia\/wp-content\/uploads\/2020\/01\/bf109_03.jpg\" \/>\n\t<meta property=\"og:image:width\" content=\"800\" \/>\n\t<meta property=\"og:image:height\" content=\"600\" \/>\n\t<meta property=\"og:image:type\" content=\"image\/jpeg\" \/>\n<meta name=\"twitter:card\" content=\"summary_large_image\" \/>\n<meta name=\"twitter:title\" content=\"Maquetas y miniaturas de aviones\" \/>\n<meta name=\"twitter:description\" content=\"Maquetas y miniaturas de aviones realizadas por Tolagra. Modelos a escala.\" \/>\n<meta name=\"twitter:image\" content=\"https:\/\/www.elrincondelosfamosos.com\/barbaricia\/wp-content\/uploads\/2020\/01\/bf109_03.jpg\" \/>\n<script type=\"application\/ld+json\" class=\"yoast-schema-graph\">{\"@context\":\"https:\\\/\\\/schema.org\",\"@graph\":[{\"@type\":\"WebPage\",\"@id\":\"https:\\\/\\\/www.elrincondelosfamosos.com\\\/barbaricia\\\/fuerza-aerea\\\/\",\"url\":\"https:\\\/\\\/www.elrincondelosfamosos.com\\\/barbaricia\\\/fuerza-aerea\\\/\",\"name\":\"Fuerza a\u00e9rea - Aviones en miniatura - Barbaricia Maquetas\",\"isPartOf\":{\"@id\":\"https:\\\/\\\/www.elrincondelosfamosos.com\\\/barbaricia\\\/#website\"},\"primaryImageOfPage\":{\"@id\":\"https:\\\/\\\/www.elrincondelosfamosos.com\\\/barbaricia\\\/fuerza-aerea\\\/#primaryimage\"},\"image\":{\"@id\":\"https:\\\/\\\/www.elrincondelosfamosos.com\\\/barbaricia\\\/fuerza-aerea\\\/#primaryimage\"},\"thumbnailUrl\":\"https:\\\/\\\/www.elrincondelosfamosos.com\\\/barbaricia\\\/wp-content\\\/uploads\\\/2020\\\/01\\\/bf109_03.jpg\",\"datePublished\":\"2020-01-22T18:35:58+00:00\",\"dateModified\":\"2020-02-25T15:56:21+00:00\",\"description\":\"Maquetas y miniaturas de fuerzas a\u00e9reas realizadas por Tolagra. Aviones y tripulaci\u00f3n militar a escala. Modelos Bf 109, Junkers 52...\",\"breadcrumb\":{\"@id\":\"https:\\\/\\\/www.elrincondelosfamosos.com\\\/barbaricia\\\/fuerza-aerea\\\/#breadcrumb\"},\"inLanguage\":\"es\",\"potentialAction\":[{\"@type\":\"ReadAction\",\"target\":[\"https:\\\/\\\/www.elrincondelosfamosos.com\\\/barbaricia\\\/fuerza-aerea\\\/\"]}]},{\"@type\":\"ImageObject\",\"inLanguage\":\"es\",\"@id\":\"https:\\\/\\\/www.elrincondelosfamosos.com\\\/barbaricia\\\/fuerza-aerea\\\/#primaryimage\",\"url\":\"https:\\\/\\\/www.elrincondelosfamosos.com\\\/barbaricia\\\/wp-content\\\/uploads\\\/2020\\\/01\\\/bf109_03.jpg\",\"contentUrl\":\"https:\\\/\\\/www.elrincondelosfamosos.com\\\/barbaricia\\\/wp-content\\\/uploads\\\/2020\\\/01\\\/bf109_03.jpg\",\"width\":800,\"height\":600,\"caption\":\"Avi\u00f3n Bf 109 delante del hangar\"},{\"@type\":\"BreadcrumbList\",\"@id\":\"https:\\\/\\\/www.elrincondelosfamosos.com\\\/barbaricia\\\/fuerza-aerea\\\/#breadcrumb\",\"itemListElement\":[{\"@type\":\"ListItem\",\"position\":1,\"name\":\"Inicio\",\"item\":\"https:\\\/\\\/www.elrincondelosfamosos.com\\\/barbaricia\\\/\"},{\"@type\":\"ListItem\",\"position\":2,\"name\":\"Fuerza a\u00e9rea\"}]},{\"@type\":\"WebSite\",\"@id\":\"https:\\\/\\\/www.elrincondelosfamosos.com\\\/barbaricia\\\/#website\",\"url\":\"https:\\\/\\\/www.elrincondelosfamosos.com\\\/barbaricia\\\/\",\"name\":\"Barbaricia Maquetas\",\"description\":\"Maquetas y miniaturas realizadas por Antonio Lasala Gracia\",\"potentialAction\":[{\"@type\":\"SearchAction\",\"target\":{\"@type\":\"EntryPoint\",\"urlTemplate\":\"https:\\\/\\\/www.elrincondelosfamosos.com\\\/barbaricia\\\/?s={search_term_string}\"},\"query-input\":{\"@type\":\"PropertyValueSpecification\",\"valueRequired\":true,\"valueName\":\"search_term_string\"}}],\"inLanguage\":\"es\"}]}<\/script>\n<!-- \/ Yoast SEO plugin. -->","yoast_head_json":{"title":"Fuerza a\u00e9rea - Aviones en miniatura - Barbaricia Maquetas","description":"Maquetas y miniaturas de fuerzas a\u00e9reas realizadas por Tolagra. Aviones y tripulaci\u00f3n militar a escala. Modelos Bf 109, Junkers 52...","robots":{"index":"index","follow":"follow","max-snippet":"max-snippet:-1","max-image-preview":"max-image-preview:large","max-video-preview":"max-video-preview:-1"},"canonical":"https:\/\/www.elrincondelosfamosos.com\/barbaricia\/fuerza-aerea\/","og_locale":"es_ES","og_type":"article","og_title":"Maquetas y miniaturas de aviones","og_description":"Maquetas y miniaturas de aviones realizadas por Tolagra. Modelos a escala.","og_url":"https:\/\/www.elrincondelosfamosos.com\/barbaricia\/fuerza-aerea\/","og_site_name":"Barbaricia Maquetas","article_modified_time":"2020-02-25T15:56:21+00:00","og_image":[{"width":800,"height":600,"url":"https:\/\/www.elrincondelosfamosos.com\/barbaricia\/wp-content\/uploads\/2020\/01\/bf109_03.jpg","type":"image\/jpeg"}],"twitter_card":"summary_large_image","twitter_title":"Maquetas y miniaturas de aviones","twitter_description":"Maquetas y miniaturas de aviones realizadas por Tolagra. Modelos a escala.","twitter_image":"https:\/\/www.elrincondelosfamosos.com\/barbaricia\/wp-content\/uploads\/2020\/01\/bf109_03.jpg","schema":{"@context":"https:\/\/schema.org","@graph":[{"@type":"WebPage","@id":"https:\/\/www.elrincondelosfamosos.com\/barbaricia\/fuerza-aerea\/","url":"https:\/\/www.elrincondelosfamosos.com\/barbaricia\/fuerza-aerea\/","name":"Fuerza a\u00e9rea - Aviones en miniatura - Barbaricia Maquetas","isPartOf":{"@id":"https:\/\/www.elrincondelosfamosos.com\/barbaricia\/#website"},"primaryImageOfPage":{"@id":"https:\/\/www.elrincondelosfamosos.com\/barbaricia\/fuerza-aerea\/#primaryimage"},"image":{"@id":"https:\/\/www.elrincondelosfamosos.com\/barbaricia\/fuerza-aerea\/#primaryimage"},"thumbnailUrl":"https:\/\/www.elrincondelosfamosos.com\/barbaricia\/wp-content\/uploads\/2020\/01\/bf109_03.jpg","datePublished":"2020-01-22T18:35:58+00:00","dateModified":"2020-02-25T15:56:21+00:00","description":"Maquetas y miniaturas de fuerzas a\u00e9reas realizadas por Tolagra. Aviones y tripulaci\u00f3n militar a escala. Modelos Bf 109, Junkers 52...","breadcrumb":{"@id":"https:\/\/www.elrincondelosfamosos.com\/barbaricia\/fuerza-aerea\/#breadcrumb"},"inLanguage":"es","potentialAction":[{"@type":"ReadAction","target":["https:\/\/www.elrincondelosfamosos.com\/barbaricia\/fuerza-aerea\/"]}]},{"@type":"ImageObject","inLanguage":"es","@id":"https:\/\/www.elrincondelosfamosos.com\/barbaricia\/fuerza-aerea\/#primaryimage","url":"https:\/\/www.elrincondelosfamosos.com\/barbaricia\/wp-content\/uploads\/2020\/01\/bf109_03.jpg","contentUrl":"https:\/\/www.elrincondelosfamosos.com\/barbaricia\/wp-content\/uploads\/2020\/01\/bf109_03.jpg","width":800,"height":600,"caption":"Avi\u00f3n Bf 109 delante del hangar"},{"@type":"BreadcrumbList","@id":"https:\/\/www.elrincondelosfamosos.com\/barbaricia\/fuerza-aerea\/#breadcrumb","itemListElement":[{"@type":"ListItem","position":1,"name":"Inicio","item":"https:\/\/www.elrincondelosfamosos.com\/barbaricia\/"},{"@type":"ListItem","position":2,"name":"Fuerza a\u00e9rea"}]},{"@type":"WebSite","@id":"https:\/\/www.elrincondelosfamosos.com\/barbaricia\/#website","url":"https:\/\/www.elrincondelosfamosos.com\/barbaricia\/","name":"Barbaricia Maquetas","description":"Maquetas y miniaturas realizadas por Antonio Lasala Gracia","potentialAction":[{"@type":"SearchAction","target":{"@type":"EntryPoint","urlTemplate":"https:\/\/www.elrincondelosfamosos.com\/barbaricia\/?s={search_term_string}"},"query-input":{"@type":"PropertyValueSpecification","valueRequired":true,"valueName":"search_term_string"}}],"inLanguage":"es"}]}},"_links":{"self":[{"href":"https:\/\/www.elrincondelosfamosos.com\/barbaricia\/wp-json\/wp\/v2\/pages\/2711","targetHints":{"allow":["GET"]}}],"collection":[{"href":"https:\/\/www.elrincondelosfamosos.com\/barbaricia\/wp-json\/wp\/v2\/pages"}],"about":[{"href":"https:\/\/www.elrincondelosfamosos.com\/barbaricia\/wp-json\/wp\/v2\/types\/page"}],"author":[{"embeddable":true,"href":"https:\/\/www.elrincondelosfamosos.com\/barbaricia\/wp-json\/wp\/v2\/users\/2"}],"replies":[{"embeddable":true,"href":"https:\/\/www.elrincondelosfamosos.com\/barbaricia\/wp-json\/wp\/v2\/comments?post=2711"}],"version-history":[{"count":3,"href":"https:\/\/www.elrincondelosfamosos.com\/barbaricia\/wp-json\/wp\/v2\/pages\/2711\/revisions"}],"predecessor-version":[{"id":2844,"href":"https:\/\/www.elrincondelosfamosos.com\/barbaricia\/wp-json\/wp\/v2\/pages\/2711\/revisions\/2844"}],"wp:featuredmedia":[{"embeddable":true,"href":"https:\/\/www.elrincondelosfamosos.com\/barbaricia\/wp-json\/wp\/v2\/media\/2699"}],"wp:attachment":[{"href":"https:\/\/www.elrincondelosfamosos.com\/barbaricia\/wp-json\/wp\/v2\/media?parent=2711"}],"curies":[{"name":"wp","href":"https:\/\/api.w.org\/{rel}","templated":true}]}}